{"id":5861,"date":"2018-01-29T22:46:22","date_gmt":"2018-01-29T22:46:22","guid":{"rendered":"http:\/\/corcovadoexp.com?page_id=5861"},"modified":"2019-03-26T15:44:56","modified_gmt":"2019-03-26T15:44:56","slug":"quienes-somos","status":"publish","type":"page","link":"https:\/\/corcovadoinfocenter.com\/es\/quienes-somos","title":{"rendered":"Qui\u00e9nes Somos"},"content":{"rendered":"<style type=\"text\/css\"><\/style><p><img loading=\"lazy\" decoding=\"async\" class=\"alignleft wp-image-6047 size-post-thumbnail\" src=\"\/wp-content\/uploads\/2018\/02\/MG_0193-500x496.jpg\" alt=\"\" width=\"500\" height=\"496\" srcset=\"https:\/\/corcovadoinfocenter.com\/wp-content\/uploads\/2018\/02\/MG_0193-500x496.jpg 500w, https:\/\/corcovadoinfocenter.com\/wp-content\/uploads\/2018\/02\/MG_0193-150x150.jpg 150w, https:\/\/corcovadoinfocenter.com\/wp-content\/uploads\/2018\/02\/MG_0193-100x100.jpg 100w\" sizes=\"auto, (max-width: 500px) 100vw, 500px\" \/><\/p>\n<h2>Qui\u00e9nes somos<\/h2>\n<p><span id=\"result_box\" lang=\"es\" xml:lang=\"es\"><span class=\"hps\">Somos una Empresa<\/span>\u00a0<span class=\"hps\">Operadora de Turismo<\/span>\u00a0<span class=\"hps\">situada en la<\/span>\u00a0<span class=\"hps\">parte sur de la<\/span>\u00a0<span class=\"hps\">costa del Pac\u00edfica de<\/span>\u00a0<span class=\"hps\">Costa<\/span>\u00a0<span class=\"hps\">Rica,<\/span>\u00a0<span class=\"hps\">ubicada espec\u00edficamente en<\/span>\u00a0<span class=\"hps\">Agujitas\u00a0de Bah\u00eda Drake<\/span>\u00a0<span class=\"hps\">en la Pen\u00ednsula<\/span>\u00a0<span class=\"hps\">de Osa.<\/span>\u00a0<span class=\"hps\">Bah\u00eda Drake<\/span>,\u00a0<span class=\"hps\">es un peque\u00f1o pueblo<\/span>\u00a0<span class=\"hps\">de unas 400 personas<\/span>.\u00a0<span class=\"hps\">La mayor\u00eda de sus<\/span>\u00a0<span class=\"hps\">habitantes<\/span>\u00a0<span class=\"hps\">trabajan en<\/span>\u00a0<span class=\"hps\">la industria del turismo<\/span>, que\u00a0<span class=\"hps\">ha prosperado<\/span>\u00a0<span class=\"hps\">durante m\u00e1s de 20<\/span>\u00a0<span class=\"hps\">a\u00f1os.\u00a0<\/span><span class=\"hps\">Anteriormente,<\/span>\u00a0<span class=\"hps\">las principales ocupaciones<\/span>\u00a0<span class=\"hps\">de la zona se<\/span>\u00a0<span class=\"hps\">basa en la agricultura<\/span>\u00a0<span class=\"hps\">de subsistencia y<\/span>\u00a0<span class=\"hps\">la cr\u00eda de ganado<\/span>.<\/span><\/p>\n<p><strong><span class=\"hps\">Corcovado<\/span>\u00a0<\/strong><span class=\"hps\"><strong>Info Center<\/strong>\u00a0<\/span><span class=\"hps\">ofrece a los visitantes<\/span>\u00a0<span class=\"hps\">nuevas opciones para<\/span><span class=\"hps\">\u00a0<\/span><span class=\"hps\">explorar<\/span>, disfrutar y\u00a0<span class=\"hps\">aprender acerca de las<\/span>\u00a0<span class=\"hps\">zonas m\u00e1s hermosas<\/span>\u00a0<span class=\"hps\">de<\/span>\u00a0<span class=\"hps\">la Bah\u00eda de Drake<\/span>\u00a0<span class=\"hps\">y sus alrededores, d<\/span>\u00e1ndole al visitante las mejores opciones para el disfrute de estancia en nuestra bella Bahia Drake.<\/p>\n<p><span class=\"hps\">Nuestro fundador<\/span>\u00a0<span class=\"hps\">Kenneth Mora Mendoza es un Costarricense criado en la zona y que familia tiene m\u00e1s de 40 a\u00f1os de vivir en Bahia Drake, la familia Mora y Mendoza fueron unas de las primeras familia en arribar a la zona en la \u00e9poca de los 70&#8242;. Kenneth<\/span><span class=\"hps\">\u00a0tiene<\/span>\u00a0<span class=\"hps\">una amplio<\/span>\u00a0<span class=\"hps\">conocimiento y<\/span>\u00a0<span class=\"hps\">10 a\u00f1os de experiencia<\/span>\u00a0<span class=\"hps\">dedicada a<\/span>\u00a0<span class=\"hps\">guiar y gestionar<\/span>\u00a0<span class=\"hps\">el turismo en<\/span>\u00a0<span class=\"hps\">la zona.<\/span><\/p>\n<h2>Donde estamos<\/h2>\n<p><span class=\"hps\">Estamos ubicados<\/span>\u00a0<span class=\"hps\">en la carretera principal<\/span>\u00a0<span class=\"hps atn\">frente a la playa al lado de la Pulper\u00eda \u00ab<\/span>La Amistad\u00bb\u00a0<span class=\"hps atn\">tambi\u00e9n conocido como \u00ab<\/span>la pulper\u00eda de\u00a0<span class=\"hps\">Julio<\/span>\u00a0<span class=\"hps\">Mora &#8216;en<\/span>\u00a0<span class=\"hps\">Agujitas<\/span>\u00a0<span class=\"hps\">en Bah\u00eda Drake.<\/span><\/p>\n","protected":false},"excerpt":{"rendered":"<p>Qui\u00e9nes somos Somos una Empresa\u00a0Operadora de Turismo\u00a0situada en la\u00a0parte sur de la\u00a0costa del Pac\u00edfica de\u00a0Costa\u00a0Rica,\u00a0ubicada espec\u00edficamente en\u00a0Agujitas\u00a0de Bah\u00eda Drake\u00a0en la Pen\u00ednsula\u00a0de Osa.\u00a0Bah\u00eda Drake,\u00a0es un peque\u00f1o pueblo\u00a0de unas 400 personas.\u00a0La mayor\u00eda de sus\u00a0habitantes\u00a0trabajan en\u00a0la industria del turismo, que\u00a0ha prosperado\u00a0durante m\u00e1s de 20\u00a0a\u00f1os.\u00a0Anteriormente,\u00a0las principales ocupaciones\u00a0de la zona se\u00a0basa en la agricultura\u00a0de subsistencia y\u00a0la cr\u00eda de ganado. Corcovado\u00a0Info&#8230;<\/p>\n","protected":false},"author":1,"featured_media":0,"parent":0,"menu_order":0,"comment_status":"closed","ping_status":"closed","template":"","meta":{"_acf_changed":false,"_joinchat":[],"footnotes":""},"class_list":["post-5861","page","type-page","status-publish","hentry"],"acf":[],"yoast_head":"<!-- This site is optimized with the Yoast SEO plugin v25.6 - https:\/\/yoast.com\/wordpress\/plugins\/seo\/ -->\n<title>Qui\u00e9nes Somos - Corcovado Info Center<\/title>\n<meta name=\"description\" content=\"Tours en el parque nacional corcovado, en bah\u00eda drake y la Isla del ca\u00f1o en la pen\u00ednsula de Osa. A\u00f1os de experiencia hacen la diferencia.\" \/>\n<meta name=\"robots\" content=\"index, follow, max-snippet:-1, max-image-preview:large, max-video-preview:-1\" \/>\n<link rel=\"canonical\" href=\"https:\/\/corcovadoinfocenter.com\/about-us.htm\" \/>\n<meta property=\"og:locale\" content=\"es_ES\" \/>\n<meta property=\"og:type\" content=\"article\" \/>\n<meta property=\"og:title\" content=\"Qui\u00e9nes Somos - Corcovado Info Center\" \/>\n<meta property=\"og:description\" content=\"Tours en el parque nacional corcovado, en bah\u00eda drake y la Isla del ca\u00f1o en la pen\u00ednsula de Osa. A\u00f1os de experiencia hacen la diferencia.\" \/>\n<meta property=\"og:url\" content=\"https:\/\/corcovadoinfocenter.com\/about-us.htm\" \/>\n<meta property=\"og:site_name\" content=\"Corcovado Info Center\" \/>\n<meta property=\"article:modified_time\" content=\"2019-03-26T15:44:56+00:00\" \/>\n<meta name=\"twitter:card\" content=\"summary_large_image\" \/>\n<meta name=\"twitter:label1\" content=\"Tiempo de lectura\" \/>\n\t<meta name=\"twitter:data1\" content=\"1 minuto\" \/>\n<script type=\"application\/ld+json\" class=\"yoast-schema-graph\">{\"@context\":\"https:\/\/schema.org\",\"@graph\":[{\"@type\":\"WebPage\",\"@id\":\"https:\/\/corcovadoinfocenter.com\/about-us.htm\",\"url\":\"https:\/\/corcovadoinfocenter.com\/about-us.htm\",\"name\":\"Qui\u00e9nes Somos - Corcovado Info Center\",\"isPartOf\":{\"@id\":\"https:\/\/corcovadoinfocenter.com\/#website\"},\"datePublished\":\"2018-01-29T22:46:22+00:00\",\"dateModified\":\"2019-03-26T15:44:56+00:00\",\"description\":\"Tours en el parque nacional corcovado, en bah\u00eda drake y la Isla del ca\u00f1o en la pen\u00ednsula de Osa. A\u00f1os de experiencia hacen la diferencia.\",\"breadcrumb\":{\"@id\":\"https:\/\/corcovadoinfocenter.com\/about-us.htm#breadcrumb\"},\"inLanguage\":\"es\",\"potentialAction\":[{\"@type\":\"ReadAction\",\"target\":[\"https:\/\/corcovadoinfocenter.com\/about-us.htm\"]}]},{\"@type\":\"BreadcrumbList\",\"@id\":\"https:\/\/corcovadoinfocenter.com\/about-us.htm#breadcrumb\",\"itemListElement\":[{\"@type\":\"ListItem\",\"position\":1,\"name\":\"Home\",\"item\":\"https:\/\/corcovadoinfocenter.com\/es\"},{\"@type\":\"ListItem\",\"position\":2,\"name\":\"Qui\u00e9nes Somos\"}]},{\"@type\":\"WebSite\",\"@id\":\"https:\/\/corcovadoinfocenter.com\/#website\",\"url\":\"https:\/\/corcovadoinfocenter.com\/\",\"name\":\"Corcovado Info Center\",\"description\":\"\",\"potentialAction\":[{\"@type\":\"SearchAction\",\"target\":{\"@type\":\"EntryPoint\",\"urlTemplate\":\"https:\/\/corcovadoinfocenter.com\/?s={search_term_string}\"},\"query-input\":{\"@type\":\"PropertyValueSpecification\",\"valueRequired\":true,\"valueName\":\"search_term_string\"}}],\"inLanguage\":\"es\"}]}<\/script>\n<!-- \/ Yoast SEO plugin. -->","yoast_head_json":{"title":"Qui\u00e9nes Somos - Corcovado Info Center","description":"Tours en el parque nacional corcovado, en bah\u00eda drake y la Isla del ca\u00f1o en la pen\u00ednsula de Osa. A\u00f1os de experiencia hacen la diferencia.","robots":{"index":"index","follow":"follow","max-snippet":"max-snippet:-1","max-image-preview":"max-image-preview:large","max-video-preview":"max-video-preview:-1"},"canonical":"https:\/\/corcovadoinfocenter.com\/about-us.htm","og_locale":"es_ES","og_type":"article","og_title":"Qui\u00e9nes Somos - Corcovado Info Center","og_description":"Tours en el parque nacional corcovado, en bah\u00eda drake y la Isla del ca\u00f1o en la pen\u00ednsula de Osa. A\u00f1os de experiencia hacen la diferencia.","og_url":"https:\/\/corcovadoinfocenter.com\/about-us.htm","og_site_name":"Corcovado Info Center","article_modified_time":"2019-03-26T15:44:56+00:00","twitter_card":"summary_large_image","twitter_misc":{"Tiempo de lectura":"1 minuto"},"schema":{"@context":"https:\/\/schema.org","@graph":[{"@type":"WebPage","@id":"https:\/\/corcovadoinfocenter.com\/about-us.htm","url":"https:\/\/corcovadoinfocenter.com\/about-us.htm","name":"Qui\u00e9nes Somos - Corcovado Info Center","isPartOf":{"@id":"https:\/\/corcovadoinfocenter.com\/#website"},"datePublished":"2018-01-29T22:46:22+00:00","dateModified":"2019-03-26T15:44:56+00:00","description":"Tours en el parque nacional corcovado, en bah\u00eda drake y la Isla del ca\u00f1o en la pen\u00ednsula de Osa. A\u00f1os de experiencia hacen la diferencia.","breadcrumb":{"@id":"https:\/\/corcovadoinfocenter.com\/about-us.htm#breadcrumb"},"inLanguage":"es","potentialAction":[{"@type":"ReadAction","target":["https:\/\/corcovadoinfocenter.com\/about-us.htm"]}]},{"@type":"BreadcrumbList","@id":"https:\/\/corcovadoinfocenter.com\/about-us.htm#breadcrumb","itemListElement":[{"@type":"ListItem","position":1,"name":"Home","item":"https:\/\/corcovadoinfocenter.com\/es"},{"@type":"ListItem","position":2,"name":"Qui\u00e9nes Somos"}]},{"@type":"WebSite","@id":"https:\/\/corcovadoinfocenter.com\/#website","url":"https:\/\/corcovadoinfocenter.com\/","name":"Corcovado Info Center","description":"","potentialAction":[{"@type":"SearchAction","target":{"@type":"EntryPoint","urlTemplate":"https:\/\/corcovadoinfocenter.com\/?s={search_term_string}"},"query-input":{"@type":"PropertyValueSpecification","valueRequired":true,"valueName":"search_term_string"}}],"inLanguage":"es"}]}},"_links":{"self":[{"href":"https:\/\/corcovadoinfocenter.com\/es\/wp-json\/wp\/v2\/pages\/5861","targetHints":{"allow":["GET"]}}],"collection":[{"href":"https:\/\/corcovadoinfocenter.com\/es\/wp-json\/wp\/v2\/pages"}],"about":[{"href":"https:\/\/corcovadoinfocenter.com\/es\/wp-json\/wp\/v2\/types\/page"}],"author":[{"embeddable":true,"href":"https:\/\/corcovadoinfocenter.com\/es\/wp-json\/wp\/v2\/users\/1"}],"replies":[{"embeddable":true,"href":"https:\/\/corcovadoinfocenter.com\/es\/wp-json\/wp\/v2\/comments?post=5861"}],"version-history":[{"count":1,"href":"https:\/\/corcovadoinfocenter.com\/es\/wp-json\/wp\/v2\/pages\/5861\/revisions"}],"predecessor-version":[{"id":6643,"href":"https:\/\/corcovadoinfocenter.com\/es\/wp-json\/wp\/v2\/pages\/5861\/revisions\/6643"}],"wp:attachment":[{"href":"https:\/\/corcovadoinfocenter.com\/es\/wp-json\/wp\/v2\/media?parent=5861"}],"curies":[{"name":"wp","href":"https:\/\/api.w.org\/{rel}","templated":true}]}}